{"id":3060,"date":"2023-08-07T17:51:12","date_gmt":"2023-08-07T16:51:12","guid":{"rendered":"http:\/\/moj-otok.com\/wp\/ari\/?page_id=3060"},"modified":"2025-04-10T20:05:05","modified_gmt":"2025-04-10T19:05:05","slug":"geoloski-stup-sutivan","status":"publish","type":"page","link":"https:\/\/moj-otok.com\/wp\/ari\/geoloski-stup-sutivan\/","title":{"rendered":"Geolo\u0161ki stup Sutivan"},"content":{"rendered":"\n[et_pb_section fb_built=&#8221;1&#8243; _builder_version=&#8221;4.20.4&#8243; _module_preset=&#8221;default&#8221; global_colors_info=&#8221;{}&#8221;][et_pb_row _builder_version=&#8221;4.20.4&#8243; _module_preset=&#8221;default&#8221; global_colors_info=&#8221;{}&#8221;][et_pb_column type=&#8221;4_4&#8243; _builder_version=&#8221;4.20.4&#8243; _module_preset=&#8221;default&#8221; global_colors_info=&#8221;{}&#8221;][et_pb_cta title=&#8221;GEOLO\u0160KI STUP SUTIVAN&#8221; button_text=&#8221;Saznaj vi\u0161e&#8221; _builder_version=&#8221;4.22.1&#8243; _module_preset=&#8221;default&#8221; hover_enabled=&#8221;0&#8243; global_colors_info=&#8221;{}&#8221; sticky_enabled=&#8221;0&#8243; title_text=&#8221;FranjoMlinac_ 2&#8243; background_image=&#8221;http:\/\/moj-otok.com\/wp\/ari\/files\/2023\/09\/FranjoMlinac_-2-scaled.jpg&#8221; parallax=&#8221;on&#8221; background_blend=&#8221;saturation&#8221;]<p style=\"text-align: center;\">GEOLO\u0160KI STUP POSTAVLJEN U SUTIVANU<br \/>izgra\u0111en je od reprezentativnih uzoraka stijena (bloketa) koje nalazimo na podru\u010dju op\u0107ine Sutivan.<\/p>\n<p style=\"text-align: center;\">Uzorke su prikupili djelatnici Hrvatskog geolo\u0161kog instituta (HGI) u sklopu pripreme materijala za formiranje pou\u010dne geolo\u0161ke staze na podru\u010dju Sutivana.<\/p>\n<p style=\"text-align: center;\">Uzorci su obra\u0111eni u kamenoklesarskoj radionici LUKRI\u0106 KAMEN iz Pra\u017enica, pri \u010demu su dvije bo\u010dne stranice prirodnih bloketa prikupljenih na terenu odrezane. Jedna stranica je ispolirana kako bi se bolje vidjela struktura stijene.<\/p>\n<p style=\"text-align: center;\">Uzorci su naslagani jedan na drugi u prirodnom slijedu (stratigrafski) od<br \/>najstarijeg (dolje) do najmla\u0111eg (gore) pa tako treba pristupiti i upoznavanju s geolo\u0161kom pro\u0161lo\u0161\u0107u Sutivana.<\/p>[\/et_pb_cta][et_pb_image src=&#8221;http:\/\/moj-otok.com\/wp\/ari\/files\/2023\/09\/FranjoMlinac_-3-scaled.jpg&#8221; _builder_version=&#8221;4.22.1&#8243; _module_preset=&#8221;default&#8221; title_text=&#8221;FranjoMlinac_&#8221; hover_enabled=&#8221;0&#8243; sticky_enabled=&#8221;0&#8243;][\/et_pb_image][et_pb_image src=&#8221;http:\/\/moj-otok.com\/wp\/ari\/files\/2023\/09\/FranjoMlinac_-1-1.jpg&#8221; _builder_version=&#8221;4.22.1&#8243; _module_preset=&#8221;default&#8221; title_text=&#8221;FranjoMlinac_ 1&#8243; hover_enabled=&#8221;0&#8243; sticky_enabled=&#8221;0&#8243;][\/et_pb_image][et_pb_text _builder_version=&#8221;4.22.1&#8243; _module_preset=&#8221;default&#8221; hover_enabled=&#8221;0&#8243; sticky_enabled=&#8221;0&#8243;]<p><a href=\"http:\/\/moj-otok.com\/wp\/ari\/files\/2023\/09\/geoloski-stupHR-brosura_slika.jpg\"><img loading=\"lazy\" decoding=\"async\" src=\"http:\/\/moj-otok.com\/wp\/ari\/files\/2023\/09\/geoloski-stupHR-brosura_slika-300x69.jpg\" width=\"300\" height=\"69\" alt=\"\" class=\"wp-image-3100 alignleft size-medium\" \/><\/a>Jedinstveni zapis u stijenama na\u0111en je u uvali Likva u Sutivanu na otoku Bra\u010du. Na ovom planetarno zna\u010dajnom geolo\u0161kom lokalitetu nalazi se sa\u010duvana jedna od najpoznatijih geolo\u0161kih granica izme\u0111u stijena nastalih na prijelazu iz doba dinosaura (mezozoik) u doba sisavaca (kenozoik), odnosno perioda najmla\u0111e krede (K) i najstarijeg paleogena (Pg), koja je poznata kao K-Pg (K-T) granica.<\/p>\n<p>Udar asteroida prije 66 milijuna godina uzrokovao je izumiranje 75% vrsta na Zemlji, uklju\u010duju\u0107i do tada vladaju\u0107e dinosaure. Me\u0111utim, nestanak dinosaura omogu\u0107io je evoluciju sisavaca, sve do danas poznatih vrsta, koje uklju\u010duju i nas \u2013 ljude. Granica je ovdje u Likvi obilje\u017eena 10 cm debelim slojem okamenjenog (litificiranog) pijeska istalo\u017eenog iz pradavnog tsunamija, nastalog uslijed udara tog asteroida.<\/p>\n<p>Zbog izuzetne va\u017enosti lokalitet je u postupku progla\u0161enja geolo\u0161kog spomenika prirode RH. Postupak je pokrenula ustanova za upravljanje za\u0161ti\u0107enim prirodnim vrijednostima na podru\u010dju Splitsko-dalmatinske \u017eupanije MORE I KR\u0160 na inicijativu Op\u0107ine Sutivan.<\/p>\n<p>Aktivnosti na projektu formiranja pou\u010dne geolo\u0161ke staze u suradnji s Hrvatskim geolo\u0161kim institutom provodi Narodna knji\u017enica Sutivan.<\/p>\n<p><a href=\"http:\/\/moj-otok.com\/wp\/ari\/files\/2023\/09\/geoloski-stupHR-brosuraslika2.jpg\"><img loading=\"lazy\" decoding=\"async\" src=\"http:\/\/moj-otok.com\/wp\/ari\/files\/2023\/09\/geoloski-stupHR-brosuraslika2-300x143.jpg\" width=\"300\" height=\"143\" alt=\"\" class=\"wp-image-3104 alignleft size-medium\" \/><\/a><\/p>[\/et_pb_text][\/et_pb_column][\/et_pb_row][et_pb_row _builder_version=&#8221;4.22.1&#8243; _module_preset=&#8221;default&#8221;][et_pb_column _builder_version=&#8221;4.22.1&#8243; _module_preset=&#8221;default&#8221; type=&#8221;4_4&#8243;][et_pb_text _builder_version=&#8221;4.22.1&#8243; _module_preset=&#8221;default&#8221; hover_enabled=&#8221;0&#8243; sticky_enabled=&#8221;0&#8243;]<h6 style=\"text-align: center;\">Priloge priredili: dr.sc. Tvrtko Korbar, Hrvatski geolo\u0161ki institut, Franjo Mlinac, mag.tourism.cult, Narodna knji\u017enica Sutivan. <br \/>Fotografije: Franjo Mlinac, ilustracije: HGI<\/h6>[\/et_pb_text][\/et_pb_column][\/et_pb_row][\/et_pb_section]\n","protected":false},"excerpt":{"rendered":"<p>GEOLO\u0160KI STUP POSTAVLJEN U SUTIVANUizgra\u0111en je od reprezentativnih uzoraka stijena (bloketa) koje nalazimo na podru\u010dju op\u0107ine Sutivan. Uzorke su prikupili djelatnici Hrvatskog geolo\u0161kog instituta (HGI) u sklopu pripreme materijala za formiranje pou\u010dne geolo\u0161ke staze na podru\u010dju Sutivana. Uzorci su obra\u0111eni u kamenoklesarskoj radionici LUKRI\u0106 KAMEN iz Pra\u017enica, pri \u010demu su dvije bo\u010dne stranice prirodnih bloketa prikupljenih na terenu odrezane. Jedna stranica je ispolirana kako bi se bolje vidjela struktura stijene. Uzorci su naslagani jedan na drugi u prirodnom slijedu (stratigrafski) odnajstarijeg (dolje) do najmla\u0111eg (gore) pa tako treba pristupiti i upoznavanju s geolo\u0161kom pro\u0161lo\u0161\u0107u Sutivana.Jedinstveni zapis u stijenama na\u0111en je u uvali Likva u Sutivanu na otoku Bra\u010du. Na ovom [&hellip;]<\/p>\n","protected":false},"author":1,"featured_media":0,"parent":0,"menu_order":5,"comment_status":"closed","ping_status":"closed","template":"","meta":{"_et_pb_use_builder":"on","_et_pb_old_content":"","_et_gb_content_width":"","footnotes":""},"class_list":["post-3060","page","type-page","status-publish","hentry"],"yoast_head":"<!-- This site is optimized with the Yoast SEO plugin v26.9 - https:\/\/yoast.com\/product\/yoast-seo-wordpress\/ -->\n<title>Geolo\u0161ki stup Sutivan - Narodna knji\u017enica Sutivan - Sutivan Public Library<\/title>\n<meta name=\"robots\" content=\"index, follow, max-snippet:-1, max-image-preview:large, max-video-preview:-1\" \/>\n<link rel=\"canonical\" href=\"https:\/\/moj-otok.com\/wp\/ari\/geoloski-stup-sutivan\/\" \/>\n<meta property=\"og:locale\" content=\"hr_HR\" \/>\n<meta property=\"og:type\" content=\"article\" \/>\n<meta property=\"og:title\" content=\"Geolo\u0161ki stup Sutivan - Narodna knji\u017enica Sutivan - Sutivan Public Library\" \/>\n<meta property=\"og:description\" content=\"GEOLO\u0160KI STUP POSTAVLJEN U SUTIVANUizgra\u0111en je od reprezentativnih uzoraka stijena (bloketa) koje nalazimo na podru\u010dju op\u0107ine Sutivan. Uzorke su prikupili djelatnici Hrvatskog geolo\u0161kog instituta (HGI) u sklopu pripreme materijala za formiranje pou\u010dne geolo\u0161ke staze na podru\u010dju Sutivana. Uzorci su obra\u0111eni u kamenoklesarskoj radionici LUKRI\u0106 KAMEN iz Pra\u017enica, pri \u010demu su dvije bo\u010dne stranice prirodnih bloketa prikupljenih na terenu odrezane. Jedna stranica je ispolirana kako bi se bolje vidjela struktura stijene. Uzorci su naslagani jedan na drugi u prirodnom slijedu (stratigrafski) odnajstarijeg (dolje) do najmla\u0111eg (gore) pa tako treba pristupiti i upoznavanju s geolo\u0161kom pro\u0161lo\u0161\u0107u Sutivana.Jedinstveni zapis u stijenama na\u0111en je u uvali Likva u Sutivanu na otoku Bra\u010du. Na ovom [&hellip;]\" \/>\n<meta property=\"og:url\" content=\"https:\/\/moj-otok.com\/wp\/ari\/geoloski-stup-sutivan\/\" \/>\n<meta property=\"og:site_name\" content=\"Narodna knji\u017enica Sutivan - Sutivan Public Library\" \/>\n<meta property=\"article:publisher\" content=\"https:\/\/web.facebook.com\/knjiznicasutivan\" \/>\n<meta property=\"article:modified_time\" content=\"2025-04-10T19:05:05+00:00\" \/>\n<meta property=\"og:image\" content=\"https:\/\/moj-otok.com\/wp\/ari\/files\/2023\/09\/geoloski-stupHR-brosura_slika.jpg\" \/>\n\t<meta property=\"og:image:width\" content=\"1055\" \/>\n\t<meta property=\"og:image:height\" content=\"244\" \/>\n\t<meta property=\"og:image:type\" content=\"image\/jpeg\" \/>\n<meta name=\"twitter:card\" content=\"summary_large_image\" \/>\n<meta name=\"twitter:label1\" content=\"Procijenjeno vrijeme \u010ditanja\" \/>\n\t<meta name=\"twitter:data1\" content=\"3 minute\" \/>\n<script type=\"application\/ld+json\" class=\"yoast-schema-graph\">{\"@context\":\"https:\/\/schema.org\",\"@graph\":[{\"@type\":\"WebPage\",\"@id\":\"https:\/\/moj-otok.com\/wp\/ari\/geoloski-stup-sutivan\/\",\"url\":\"https:\/\/moj-otok.com\/wp\/ari\/geoloski-stup-sutivan\/\",\"name\":\"Geolo\u0161ki stup Sutivan - Narodna knji\u017enica Sutivan - Sutivan Public Library\",\"isPartOf\":{\"@id\":\"https:\/\/moj-otok.com\/wp\/ari\/#website\"},\"primaryImageOfPage\":{\"@id\":\"https:\/\/moj-otok.com\/wp\/ari\/geoloski-stup-sutivan\/#primaryimage\"},\"image\":{\"@id\":\"https:\/\/moj-otok.com\/wp\/ari\/geoloski-stup-sutivan\/#primaryimage\"},\"thumbnailUrl\":\"http:\/\/moj-otok.com\/wp\/ari\/files\/2023\/09\/geoloski-stupHR-brosura_slika-300x69.jpg\",\"datePublished\":\"2023-08-07T16:51:12+00:00\",\"dateModified\":\"2025-04-10T19:05:05+00:00\",\"breadcrumb\":{\"@id\":\"https:\/\/moj-otok.com\/wp\/ari\/geoloski-stup-sutivan\/#breadcrumb\"},\"inLanguage\":\"hr\",\"potentialAction\":[{\"@type\":\"ReadAction\",\"target\":[\"https:\/\/moj-otok.com\/wp\/ari\/geoloski-stup-sutivan\/\"]}]},{\"@type\":\"ImageObject\",\"inLanguage\":\"hr\",\"@id\":\"https:\/\/moj-otok.com\/wp\/ari\/geoloski-stup-sutivan\/#primaryimage\",\"url\":\"https:\/\/moj-otok.com\/wp\/ari\/files\/2023\/09\/geoloski-stupHR-brosura_slika.jpg\",\"contentUrl\":\"https:\/\/moj-otok.com\/wp\/ari\/files\/2023\/09\/geoloski-stupHR-brosura_slika.jpg\",\"width\":1055,\"height\":244,\"caption\":\"Lokalitet budu\u0107eg geolo\u0161kog spomenika prirode u Sutivanu\"},{\"@type\":\"BreadcrumbList\",\"@id\":\"https:\/\/moj-otok.com\/wp\/ari\/geoloski-stup-sutivan\/#breadcrumb\",\"itemListElement\":[{\"@type\":\"ListItem\",\"position\":1,\"name\":\"Po\u010detna stranica\",\"item\":\"https:\/\/moj-otok.com\/wp\/ari\/\"},{\"@type\":\"ListItem\",\"position\":2,\"name\":\"Geolo\u0161ki stup Sutivan\"}]},{\"@type\":\"WebSite\",\"@id\":\"https:\/\/moj-otok.com\/wp\/ari\/#website\",\"url\":\"https:\/\/moj-otok.com\/wp\/ari\/\",\"name\":\"Narodna knji\u017enica Sutivan - Sutivan Public Library\",\"description\":\"Ulaskom u knji\u017enicu postajete dioni\u010dar &quot;dru\u0161tva znanja&quot; i ba\u0161tinik povijesne ljubavi za pisanom rije\u010di.\",\"potentialAction\":[{\"@type\":\"SearchAction\",\"target\":{\"@type\":\"EntryPoint\",\"urlTemplate\":\"https:\/\/moj-otok.com\/wp\/ari\/?s={search_term_string}\"},\"query-input\":{\"@type\":\"PropertyValueSpecification\",\"valueRequired\":true,\"valueName\":\"search_term_string\"}}],\"inLanguage\":\"hr\"}]}<\/script>\n<!-- \/ Yoast SEO plugin. -->","yoast_head_json":{"title":"Geolo\u0161ki stup Sutivan - Narodna knji\u017enica Sutivan - Sutivan Public Library","robots":{"index":"index","follow":"follow","max-snippet":"max-snippet:-1","max-image-preview":"max-image-preview:large","max-video-preview":"max-video-preview:-1"},"canonical":"https:\/\/moj-otok.com\/wp\/ari\/geoloski-stup-sutivan\/","og_locale":"hr_HR","og_type":"article","og_title":"Geolo\u0161ki stup Sutivan - Narodna knji\u017enica Sutivan - Sutivan Public Library","og_description":"GEOLO\u0160KI STUP POSTAVLJEN U SUTIVANUizgra\u0111en je od reprezentativnih uzoraka stijena (bloketa) koje nalazimo na podru\u010dju op\u0107ine Sutivan. Uzorke su prikupili djelatnici Hrvatskog geolo\u0161kog instituta (HGI) u sklopu pripreme materijala za formiranje pou\u010dne geolo\u0161ke staze na podru\u010dju Sutivana. Uzorci su obra\u0111eni u kamenoklesarskoj radionici LUKRI\u0106 KAMEN iz Pra\u017enica, pri \u010demu su dvije bo\u010dne stranice prirodnih bloketa prikupljenih na terenu odrezane. Jedna stranica je ispolirana kako bi se bolje vidjela struktura stijene. Uzorci su naslagani jedan na drugi u prirodnom slijedu (stratigrafski) odnajstarijeg (dolje) do najmla\u0111eg (gore) pa tako treba pristupiti i upoznavanju s geolo\u0161kom pro\u0161lo\u0161\u0107u Sutivana.Jedinstveni zapis u stijenama na\u0111en je u uvali Likva u Sutivanu na otoku Bra\u010du. Na ovom [&hellip;]","og_url":"https:\/\/moj-otok.com\/wp\/ari\/geoloski-stup-sutivan\/","og_site_name":"Narodna knji\u017enica Sutivan - Sutivan Public Library","article_publisher":"https:\/\/web.facebook.com\/knjiznicasutivan","article_modified_time":"2025-04-10T19:05:05+00:00","og_image":[{"width":1055,"height":244,"url":"https:\/\/moj-otok.com\/wp\/ari\/files\/2023\/09\/geoloski-stupHR-brosura_slika.jpg","type":"image\/jpeg"}],"twitter_card":"summary_large_image","twitter_misc":{"Procijenjeno vrijeme \u010ditanja":"3 minute"},"schema":{"@context":"https:\/\/schema.org","@graph":[{"@type":"WebPage","@id":"https:\/\/moj-otok.com\/wp\/ari\/geoloski-stup-sutivan\/","url":"https:\/\/moj-otok.com\/wp\/ari\/geoloski-stup-sutivan\/","name":"Geolo\u0161ki stup Sutivan - Narodna knji\u017enica Sutivan - Sutivan Public Library","isPartOf":{"@id":"https:\/\/moj-otok.com\/wp\/ari\/#website"},"primaryImageOfPage":{"@id":"https:\/\/moj-otok.com\/wp\/ari\/geoloski-stup-sutivan\/#primaryimage"},"image":{"@id":"https:\/\/moj-otok.com\/wp\/ari\/geoloski-stup-sutivan\/#primaryimage"},"thumbnailUrl":"http:\/\/moj-otok.com\/wp\/ari\/files\/2023\/09\/geoloski-stupHR-brosura_slika-300x69.jpg","datePublished":"2023-08-07T16:51:12+00:00","dateModified":"2025-04-10T19:05:05+00:00","breadcrumb":{"@id":"https:\/\/moj-otok.com\/wp\/ari\/geoloski-stup-sutivan\/#breadcrumb"},"inLanguage":"hr","potentialAction":[{"@type":"ReadAction","target":["https:\/\/moj-otok.com\/wp\/ari\/geoloski-stup-sutivan\/"]}]},{"@type":"ImageObject","inLanguage":"hr","@id":"https:\/\/moj-otok.com\/wp\/ari\/geoloski-stup-sutivan\/#primaryimage","url":"https:\/\/moj-otok.com\/wp\/ari\/files\/2023\/09\/geoloski-stupHR-brosura_slika.jpg","contentUrl":"https:\/\/moj-otok.com\/wp\/ari\/files\/2023\/09\/geoloski-stupHR-brosura_slika.jpg","width":1055,"height":244,"caption":"Lokalitet budu\u0107eg geolo\u0161kog spomenika prirode u Sutivanu"},{"@type":"BreadcrumbList","@id":"https:\/\/moj-otok.com\/wp\/ari\/geoloski-stup-sutivan\/#breadcrumb","itemListElement":[{"@type":"ListItem","position":1,"name":"Po\u010detna stranica","item":"https:\/\/moj-otok.com\/wp\/ari\/"},{"@type":"ListItem","position":2,"name":"Geolo\u0161ki stup Sutivan"}]},{"@type":"WebSite","@id":"https:\/\/moj-otok.com\/wp\/ari\/#website","url":"https:\/\/moj-otok.com\/wp\/ari\/","name":"Narodna knji\u017enica Sutivan - Sutivan Public Library","description":"Ulaskom u knji\u017enicu postajete dioni\u010dar &quot;dru\u0161tva znanja&quot; i ba\u0161tinik povijesne ljubavi za pisanom rije\u010di.","potentialAction":[{"@type":"SearchAction","target":{"@type":"EntryPoint","urlTemplate":"https:\/\/moj-otok.com\/wp\/ari\/?s={search_term_string}"},"query-input":{"@type":"PropertyValueSpecification","valueRequired":true,"valueName":"search_term_string"}}],"inLanguage":"hr"}]}},"_links":{"self":[{"href":"https:\/\/moj-otok.com\/wp\/ari\/wp-json\/wp\/v2\/pages\/3060","targetHints":{"allow":["GET"]}}],"collection":[{"href":"https:\/\/moj-otok.com\/wp\/ari\/wp-json\/wp\/v2\/pages"}],"about":[{"href":"https:\/\/moj-otok.com\/wp\/ari\/wp-json\/wp\/v2\/types\/page"}],"author":[{"embeddable":true,"href":"https:\/\/moj-otok.com\/wp\/ari\/wp-json\/wp\/v2\/users\/1"}],"replies":[{"embeddable":true,"href":"https:\/\/moj-otok.com\/wp\/ari\/wp-json\/wp\/v2\/comments?post=3060"}],"version-history":[{"count":6,"href":"https:\/\/moj-otok.com\/wp\/ari\/wp-json\/wp\/v2\/pages\/3060\/revisions"}],"predecessor-version":[{"id":3123,"href":"https:\/\/moj-otok.com\/wp\/ari\/wp-json\/wp\/v2\/pages\/3060\/revisions\/3123"}],"wp:attachment":[{"href":"https:\/\/moj-otok.com\/wp\/ari\/wp-json\/wp\/v2\/media?parent=3060"}],"curies":[{"name":"wp","href":"https:\/\/api.w.org\/{rel}","templated":true}]}}