{"id":3064,"date":"2023-08-07T17:54:31","date_gmt":"2023-08-07T16:54:31","guid":{"rendered":"http:\/\/moj-otok.com\/wp\/ari\/?page_id=3064"},"modified":"2025-04-10T20:05:12","modified_gmt":"2025-04-10T19:05:12","slug":"geological-column-sutivan","status":"publish","type":"page","link":"https:\/\/moj-otok.com\/wp\/ari\/geological-column-sutivan\/","title":{"rendered":"Geological Column Sutivan"},"content":{"rendered":"\n[et_pb_section fb_built=&#8221;1&#8243; _builder_version=&#8221;4.20.4&#8243; _module_preset=&#8221;default&#8221; global_colors_info=&#8221;{}&#8221;][et_pb_row _builder_version=&#8221;4.20.4&#8243; _module_preset=&#8221;default&#8221; global_colors_info=&#8221;{}&#8221;][et_pb_column type=&#8221;4_4&#8243; _builder_version=&#8221;4.20.4&#8243; _module_preset=&#8221;default&#8221; global_colors_info=&#8221;{}&#8221;][et_pb_cta title=&#8221;GEOLOGICAL COLUMN SUTIVAN&#8221; button_text=&#8221;Find out more&#8221; _builder_version=&#8221;4.22.1&#8243; _module_preset=&#8221;default&#8221; hover_enabled=&#8221;0&#8243; global_colors_info=&#8221;{}&#8221; sticky_enabled=&#8221;0&#8243; title_text=&#8221;FranjoMlinac_ 2&#8243; background_image=&#8221;http:\/\/moj-otok.com\/wp\/ari\/files\/2023\/09\/FranjoMlinac_-2-scaled.jpg&#8221; parallax=&#8221;on&#8221;]<p style=\"text-align: center;\">GEOLOGICAL COLUMN PLACED IN SUTIVAN<br \/>was built from representative rock samples (blocks) found in the area of Sutivan municipality.<\/p>\n<p>The samples were collected by the employees of the Croatian Geological Institute (HGI) as part of the preparation of materials for the creation of an educational geological trail in the area of Sutivan.<\/p>\n<p>The samples were processed in the LUKRI\u0106 KAMEN stonemason&#8217;s workshop from Pra\u017enice, where the two sides of the natural blocks collected in the field were cut off. One side is polished to better see the rock structure.<\/p>\n<p>The samples are stacked on top of each other in a natural sequence (stratigraphic) from the oldest (below) to the youngest (above), so in that way you should also approach the acquaintance with the geological past of Sutivan.<\/p>[\/et_pb_cta][et_pb_image src=&#8221;http:\/\/moj-otok.com\/wp\/ari\/files\/2023\/09\/geoloski-stupENGL-web-1-scaled.jpg&#8221; _builder_version=&#8221;4.22.1&#8243; _module_preset=&#8221;default&#8221; title_text=&#8221;geoloski-stupENGL-web&#8221; hover_enabled=&#8221;0&#8243; sticky_enabled=&#8221;0&#8243;][\/et_pb_image][et_pb_image src=&#8221;http:\/\/moj-otok.com\/wp\/ari\/files\/2023\/09\/stup-eng-webET.jpg&#8221; _builder_version=&#8221;4.22.1&#8243; _module_preset=&#8221;default&#8221; title_text=&#8221;stup eng webET&#8221; hover_enabled=&#8221;0&#8243; sticky_enabled=&#8221;0&#8243;][\/et_pb_image][et_pb_text _builder_version=&#8221;4.22.1&#8243; _module_preset=&#8221;default&#8221; hover_enabled=&#8221;0&#8243; sticky_enabled=&#8221;0&#8243;]<p><a href=\"http:\/\/moj-otok.com\/wp\/ari\/files\/2023\/09\/geoloski-stupHR-brosura_slika.jpg\"><img loading=\"lazy\" decoding=\"async\" src=\"http:\/\/moj-otok.com\/wp\/ari\/files\/2023\/09\/geoloski-stupHR-brosura_slika-300x69.jpg\" width=\"300\" height=\"69\" alt=\"\" class=\"wp-image-3100 alignleft size-medium\" \/><\/a>A unique rock record was found in Likva cove in Sutivan on the island of Bra\u010d. In this planetarily important geological site, one of the best-known geological boundaries between rocks formed at the transition from the age of dinosaurs (Mesozoic) to the age of mammals (Cenozoic), i.e. the period of the youngest Cretaceous (K) and the oldest Paleogene (Pg), is preserved, which is known as K-Pg (K-T) boundary.<\/p>\n<p>An asteroid impact 66 million years ago caused the extinction of 75% of species on Earth, including the dinosaurs that ruled until then. However, the disappearance of the dinosaurs enabled the evolution of mammals, the species known to this day, which includes us &#8211; humans. The border here in Likva is marked by a 10 cm thick layer of petrified (lithified) sand deposited from an ancient tsunami, caused by the impact of that asteroid.<\/p>\n<p>Due to its exceptional importance, the site is in the process of being declared a geological natural monument of the Republic of Croatia. The procedure was initiated by the institution for the management of protected natural values in the area of the Split-Dalmatia County MORE I KR\u0160 at the initiative of the Municipality of Sutivan. Activities on the project of forming an educational geological trail in cooperation with the Croatian Geological Institute are carried out by the Sutivan Public Library.<br \/><a href=\"http:\/\/moj-otok.com\/wp\/ari\/files\/2023\/09\/geoloski-stupHR-brosuraslika2.jpg\"><img loading=\"lazy\" decoding=\"async\" src=\"http:\/\/moj-otok.com\/wp\/ari\/files\/2023\/09\/geoloski-stupHR-brosuraslika2-300x143.jpg\" width=\"300\" height=\"143\" alt=\"\" class=\"wp-image-3104 alignleft size-medium\" \/><\/a><\/p>[\/et_pb_text][\/et_pb_column][\/et_pb_row][et_pb_row _builder_version=&#8221;4.22.1&#8243; _module_preset=&#8221;default&#8221;][et_pb_column _builder_version=&#8221;4.22.1&#8243; _module_preset=&#8221;default&#8221; type=&#8221;4_4&#8243;][et_pb_text _builder_version=&#8221;4.22.1&#8243; _module_preset=&#8221;default&#8221; hover_enabled=&#8221;0&#8243; sticky_enabled=&#8221;0&#8243;]<p style=\"text-align: center;\"><span style=\"color: #333333; font-family: Ubuntu, Helvetica, Arial, Lucida, sans-serif; font-size: 14px; font-style: normal; font-variant-ligatures: normal; font-variant-caps: normal; font-weight: 500; letter-spacing: normal; orphans: 2; text-align: center; text-indent: 0px; text-transform: none; widows: 2; word-spacing: 0px; -webkit-text-stroke-width: 0px; white-space: normal; background-color: #ffffff; text-decoration-thickness: initial; text-decoration-style: initial; text-decoration-color: initial; display: inline !important; float: none;\">Edited by: dr.sc. Tvrtko Korbar, Croatian Geological Institute, Franjo Mlinac, mag.tourism.cult, Public Library of Sutivan.<br \/><\/span><span style=\"color: #333333; font-family: Ubuntu, Helvetica, Arial, Lucida, sans-serif; font-size: 14px; font-style: normal; font-variant-ligatures: normal; font-variant-caps: normal; font-weight: 500; letter-spacing: normal; orphans: 2; text-align: center; text-indent: 0px; text-transform: none; widows: 2; word-spacing: 0px; -webkit-text-stroke-width: 0px; white-space: normal; background-color: #ffffff; text-decoration-thickness: initial; text-decoration-style: initial; text-decoration-color: initial; display: inline !important; float: none;\">Photography: Franjo Mlinac, Illustrations: HGI<\/span><\/p>[\/et_pb_text][\/et_pb_column][\/et_pb_row][\/et_pb_section]\n","protected":false},"excerpt":{"rendered":"<p>GEOLOGICAL COLUMN PLACED IN SUTIVANwas built from representative rock samples (blocks) found in the area of Sutivan municipality. The samples were collected by the employees of the Croatian Geological Institute (HGI) as part of the preparation of materials for the creation of an educational geological trail in the area of Sutivan. The samples were processed in the LUKRI\u0106 KAMEN stonemason&#8217;s workshop from Pra\u017enice, where the two sides of the natural blocks collected in the field were cut off. One side is polished to better see the rock structure. The samples are stacked on top of each other in a natural sequence (stratigraphic) from the oldest (below) to the youngest (above), [&hellip;]<\/p>\n","protected":false},"author":1,"featured_media":0,"parent":0,"menu_order":6,"comment_status":"closed","ping_status":"closed","template":"","meta":{"_et_pb_use_builder":"on","_et_pb_old_content":"","_et_gb_content_width":"","footnotes":""},"class_list":["post-3064","page","type-page","status-publish","hentry"],"yoast_head":"<!-- This site is optimized with the Yoast SEO plugin v26.9 - https:\/\/yoast.com\/product\/yoast-seo-wordpress\/ -->\n<title>Geological Column Sutivan - Narodna knji\u017enica Sutivan - Sutivan Public Library<\/title>\n<meta name=\"robots\" content=\"index, follow, max-snippet:-1, max-image-preview:large, max-video-preview:-1\" \/>\n<link rel=\"canonical\" href=\"https:\/\/moj-otok.com\/wp\/ari\/geological-column-sutivan\/\" \/>\n<meta property=\"og:locale\" content=\"hr_HR\" \/>\n<meta property=\"og:type\" content=\"article\" \/>\n<meta property=\"og:title\" content=\"Geological Column Sutivan - Narodna knji\u017enica Sutivan - Sutivan Public Library\" \/>\n<meta property=\"og:description\" content=\"GEOLOGICAL COLUMN PLACED IN SUTIVANwas built from representative rock samples (blocks) found in the area of Sutivan municipality. The samples were collected by the employees of the Croatian Geological Institute (HGI) as part of the preparation of materials for the creation of an educational geological trail in the area of Sutivan. The samples were processed in the LUKRI\u0106 KAMEN stonemason&#039;s workshop from Pra\u017enice, where the two sides of the natural blocks collected in the field were cut off. One side is polished to better see the rock structure. The samples are stacked on top of each other in a natural sequence (stratigraphic) from the oldest (below) to the youngest (above), [&hellip;]\" \/>\n<meta property=\"og:url\" content=\"https:\/\/moj-otok.com\/wp\/ari\/geological-column-sutivan\/\" \/>\n<meta property=\"og:site_name\" content=\"Narodna knji\u017enica Sutivan - Sutivan Public Library\" \/>\n<meta property=\"article:publisher\" content=\"https:\/\/web.facebook.com\/knjiznicasutivan\" \/>\n<meta property=\"article:modified_time\" content=\"2025-04-10T19:05:12+00:00\" \/>\n<meta property=\"og:image\" content=\"https:\/\/moj-otok.com\/wp\/ari\/files\/2023\/09\/geoloski-stupHR-brosura_slika.jpg\" \/>\n\t<meta property=\"og:image:width\" content=\"1055\" \/>\n\t<meta property=\"og:image:height\" content=\"244\" \/>\n\t<meta property=\"og:image:type\" content=\"image\/jpeg\" \/>\n<meta name=\"twitter:card\" content=\"summary_large_image\" \/>\n<meta name=\"twitter:label1\" content=\"Procijenjeno vrijeme \u010ditanja\" \/>\n\t<meta name=\"twitter:data1\" content=\"3 minute\" \/>\n<script type=\"application\/ld+json\" class=\"yoast-schema-graph\">{\"@context\":\"https:\/\/schema.org\",\"@graph\":[{\"@type\":\"WebPage\",\"@id\":\"https:\/\/moj-otok.com\/wp\/ari\/geological-column-sutivan\/\",\"url\":\"https:\/\/moj-otok.com\/wp\/ari\/geological-column-sutivan\/\",\"name\":\"Geological Column Sutivan - Narodna knji\u017enica Sutivan - Sutivan Public Library\",\"isPartOf\":{\"@id\":\"https:\/\/moj-otok.com\/wp\/ari\/#website\"},\"primaryImageOfPage\":{\"@id\":\"https:\/\/moj-otok.com\/wp\/ari\/geological-column-sutivan\/#primaryimage\"},\"image\":{\"@id\":\"https:\/\/moj-otok.com\/wp\/ari\/geological-column-sutivan\/#primaryimage\"},\"thumbnailUrl\":\"http:\/\/moj-otok.com\/wp\/ari\/files\/2023\/09\/geoloski-stupHR-brosura_slika-300x69.jpg\",\"datePublished\":\"2023-08-07T16:54:31+00:00\",\"dateModified\":\"2025-04-10T19:05:12+00:00\",\"breadcrumb\":{\"@id\":\"https:\/\/moj-otok.com\/wp\/ari\/geological-column-sutivan\/#breadcrumb\"},\"inLanguage\":\"hr\",\"potentialAction\":[{\"@type\":\"ReadAction\",\"target\":[\"https:\/\/moj-otok.com\/wp\/ari\/geological-column-sutivan\/\"]}]},{\"@type\":\"ImageObject\",\"inLanguage\":\"hr\",\"@id\":\"https:\/\/moj-otok.com\/wp\/ari\/geological-column-sutivan\/#primaryimage\",\"url\":\"https:\/\/moj-otok.com\/wp\/ari\/files\/2023\/09\/geoloski-stupHR-brosura_slika.jpg\",\"contentUrl\":\"https:\/\/moj-otok.com\/wp\/ari\/files\/2023\/09\/geoloski-stupHR-brosura_slika.jpg\",\"width\":1055,\"height\":244,\"caption\":\"Lokalitet budu\u0107eg geolo\u0161kog spomenika prirode u Sutivanu\"},{\"@type\":\"BreadcrumbList\",\"@id\":\"https:\/\/moj-otok.com\/wp\/ari\/geological-column-sutivan\/#breadcrumb\",\"itemListElement\":[{\"@type\":\"ListItem\",\"position\":1,\"name\":\"Po\u010detna stranica\",\"item\":\"https:\/\/moj-otok.com\/wp\/ari\/\"},{\"@type\":\"ListItem\",\"position\":2,\"name\":\"Geological Column Sutivan\"}]},{\"@type\":\"WebSite\",\"@id\":\"https:\/\/moj-otok.com\/wp\/ari\/#website\",\"url\":\"https:\/\/moj-otok.com\/wp\/ari\/\",\"name\":\"Narodna knji\u017enica Sutivan - Sutivan Public Library\",\"description\":\"Ulaskom u knji\u017enicu postajete dioni\u010dar &quot;dru\u0161tva znanja&quot; i ba\u0161tinik povijesne ljubavi za pisanom rije\u010di.\",\"potentialAction\":[{\"@type\":\"SearchAction\",\"target\":{\"@type\":\"EntryPoint\",\"urlTemplate\":\"https:\/\/moj-otok.com\/wp\/ari\/?s={search_term_string}\"},\"query-input\":{\"@type\":\"PropertyValueSpecification\",\"valueRequired\":true,\"valueName\":\"search_term_string\"}}],\"inLanguage\":\"hr\"}]}<\/script>\n<!-- \/ Yoast SEO plugin. -->","yoast_head_json":{"title":"Geological Column Sutivan - Narodna knji\u017enica Sutivan - Sutivan Public Library","robots":{"index":"index","follow":"follow","max-snippet":"max-snippet:-1","max-image-preview":"max-image-preview:large","max-video-preview":"max-video-preview:-1"},"canonical":"https:\/\/moj-otok.com\/wp\/ari\/geological-column-sutivan\/","og_locale":"hr_HR","og_type":"article","og_title":"Geological Column Sutivan - Narodna knji\u017enica Sutivan - Sutivan Public Library","og_description":"GEOLOGICAL COLUMN PLACED IN SUTIVANwas built from representative rock samples (blocks) found in the area of Sutivan municipality. The samples were collected by the employees of the Croatian Geological Institute (HGI) as part of the preparation of materials for the creation of an educational geological trail in the area of Sutivan. The samples were processed in the LUKRI\u0106 KAMEN stonemason's workshop from Pra\u017enice, where the two sides of the natural blocks collected in the field were cut off. One side is polished to better see the rock structure. The samples are stacked on top of each other in a natural sequence (stratigraphic) from the oldest (below) to the youngest (above), [&hellip;]","og_url":"https:\/\/moj-otok.com\/wp\/ari\/geological-column-sutivan\/","og_site_name":"Narodna knji\u017enica Sutivan - Sutivan Public Library","article_publisher":"https:\/\/web.facebook.com\/knjiznicasutivan","article_modified_time":"2025-04-10T19:05:12+00:00","og_image":[{"width":1055,"height":244,"url":"https:\/\/moj-otok.com\/wp\/ari\/files\/2023\/09\/geoloski-stupHR-brosura_slika.jpg","type":"image\/jpeg"}],"twitter_card":"summary_large_image","twitter_misc":{"Procijenjeno vrijeme \u010ditanja":"3 minute"},"schema":{"@context":"https:\/\/schema.org","@graph":[{"@type":"WebPage","@id":"https:\/\/moj-otok.com\/wp\/ari\/geological-column-sutivan\/","url":"https:\/\/moj-otok.com\/wp\/ari\/geological-column-sutivan\/","name":"Geological Column Sutivan - Narodna knji\u017enica Sutivan - Sutivan Public Library","isPartOf":{"@id":"https:\/\/moj-otok.com\/wp\/ari\/#website"},"primaryImageOfPage":{"@id":"https:\/\/moj-otok.com\/wp\/ari\/geological-column-sutivan\/#primaryimage"},"image":{"@id":"https:\/\/moj-otok.com\/wp\/ari\/geological-column-sutivan\/#primaryimage"},"thumbnailUrl":"http:\/\/moj-otok.com\/wp\/ari\/files\/2023\/09\/geoloski-stupHR-brosura_slika-300x69.jpg","datePublished":"2023-08-07T16:54:31+00:00","dateModified":"2025-04-10T19:05:12+00:00","breadcrumb":{"@id":"https:\/\/moj-otok.com\/wp\/ari\/geological-column-sutivan\/#breadcrumb"},"inLanguage":"hr","potentialAction":[{"@type":"ReadAction","target":["https:\/\/moj-otok.com\/wp\/ari\/geological-column-sutivan\/"]}]},{"@type":"ImageObject","inLanguage":"hr","@id":"https:\/\/moj-otok.com\/wp\/ari\/geological-column-sutivan\/#primaryimage","url":"https:\/\/moj-otok.com\/wp\/ari\/files\/2023\/09\/geoloski-stupHR-brosura_slika.jpg","contentUrl":"https:\/\/moj-otok.com\/wp\/ari\/files\/2023\/09\/geoloski-stupHR-brosura_slika.jpg","width":1055,"height":244,"caption":"Lokalitet budu\u0107eg geolo\u0161kog spomenika prirode u Sutivanu"},{"@type":"BreadcrumbList","@id":"https:\/\/moj-otok.com\/wp\/ari\/geological-column-sutivan\/#breadcrumb","itemListElement":[{"@type":"ListItem","position":1,"name":"Po\u010detna stranica","item":"https:\/\/moj-otok.com\/wp\/ari\/"},{"@type":"ListItem","position":2,"name":"Geological Column Sutivan"}]},{"@type":"WebSite","@id":"https:\/\/moj-otok.com\/wp\/ari\/#website","url":"https:\/\/moj-otok.com\/wp\/ari\/","name":"Narodna knji\u017enica Sutivan - Sutivan Public Library","description":"Ulaskom u knji\u017enicu postajete dioni\u010dar &quot;dru\u0161tva znanja&quot; i ba\u0161tinik povijesne ljubavi za pisanom rije\u010di.","potentialAction":[{"@type":"SearchAction","target":{"@type":"EntryPoint","urlTemplate":"https:\/\/moj-otok.com\/wp\/ari\/?s={search_term_string}"},"query-input":{"@type":"PropertyValueSpecification","valueRequired":true,"valueName":"search_term_string"}}],"inLanguage":"hr"}]}},"_links":{"self":[{"href":"https:\/\/moj-otok.com\/wp\/ari\/wp-json\/wp\/v2\/pages\/3064","targetHints":{"allow":["GET"]}}],"collection":[{"href":"https:\/\/moj-otok.com\/wp\/ari\/wp-json\/wp\/v2\/pages"}],"about":[{"href":"https:\/\/moj-otok.com\/wp\/ari\/wp-json\/wp\/v2\/types\/page"}],"author":[{"embeddable":true,"href":"https:\/\/moj-otok.com\/wp\/ari\/wp-json\/wp\/v2\/users\/1"}],"replies":[{"embeddable":true,"href":"https:\/\/moj-otok.com\/wp\/ari\/wp-json\/wp\/v2\/comments?post=3064"}],"version-history":[{"count":6,"href":"https:\/\/moj-otok.com\/wp\/ari\/wp-json\/wp\/v2\/pages\/3064\/revisions"}],"predecessor-version":[{"id":3122,"href":"https:\/\/moj-otok.com\/wp\/ari\/wp-json\/wp\/v2\/pages\/3064\/revisions\/3122"}],"wp:attachment":[{"href":"https:\/\/moj-otok.com\/wp\/ari\/wp-json\/wp\/v2\/media?parent=3064"}],"curies":[{"name":"wp","href":"https:\/\/api.w.org\/{rel}","templated":true}]}}