{"id":3960,"date":"2025-04-10T18:27:47","date_gmt":"2025-04-10T17:27:47","guid":{"rendered":"https:\/\/moj-otok.com\/wp\/ari\/?page_id=3960"},"modified":"2025-04-10T20:06:16","modified_gmt":"2025-04-10T19:06:16","slug":"knjige","status":"publish","type":"page","link":"https:\/\/moj-otok.com\/wp\/ari\/knjige\/","title":{"rendered":"Knjige"},"content":{"rendered":"<p>[et_pb_section fb_built=&#8221;1&#8243; theme_builder_area=&#8221;post_content&#8221; _builder_version=&#8221;4.27.4&#8243; _module_preset=&#8221;default&#8221;][et_pb_row _builder_version=&#8221;4.27.4&#8243; _module_preset=&#8221;default&#8221; theme_builder_area=&#8221;post_content&#8221; column_structure=&#8221;2_5,3_5&#8243; hover_enabled=&#8221;0&#8243; sticky_enabled=&#8221;0&#8243;][et_pb_column _builder_version=&#8221;4.27.4&#8243; _module_preset=&#8221;default&#8221; type=&#8221;2_5&#8243; theme_builder_area=&#8221;post_content&#8221;][et_pb_image src=&#8221;https:\/\/moj-otok.com\/wp\/ari\/files\/2025\/04\/zen07.jpg&#8221; _builder_version=&#8221;4.27.4&#8243; _module_preset=&#8221;default&#8221; theme_builder_area=&#8221;post_content&#8221; alt=&#8221;Knjiga %22Avanture dje\u010daka Zena%22 Sutivan&#8221; title_text=&#8221;Knjiga %22Avanture dje\u010daka Zena%22 Sutivan&#8221; url=&#8221;https:\/\/moj-otok.com\/wp\/ari\/avanture-djecaka-zena-prica-o-antickom-brodolomu\/&#8221; hover_enabled=&#8221;0&#8243; sticky_enabled=&#8221;0&#8243;][\/et_pb_image][\/et_pb_column][et_pb_column _builder_version=&#8221;4.27.4&#8243; _module_preset=&#8221;default&#8221; type=&#8221;3_5&#8243; theme_builder_area=&#8221;post_content&#8221;][et_pb_text _builder_version=&#8221;4.27.4&#8243; _module_preset=&#8221;default&#8221; theme_builder_area=&#8221;post_content&#8221; hover_enabled=&#8221;0&#8243; sticky_enabled=&#8221;0&#8243;]<\/p>\n<p><a href=\"https:\/\/moj-otok.com\/wp\/ari\/avanture-djecaka-zena-prica-o-antickom-brodolomu\/\"><em>&#8220;Avanture dje\u010daka Zena&#8221;<\/em><\/a> pru\u017eaju neobi\u010dan i zanimljiv uvid u pri\u010du o brodolomu kao i u \u0161iru pri\u010du o prebogatoj anti\u010dkoj ba\u0161tini otoka Bra\u010da. Zeno, gr\u010dko siro\u010de iz Nikopolisa, prepri\u010dava svoje do\u017eivljaje na brodu, otkrivanje otoka Bra\u010da i njegovih tajni, sukob s nasilnim \u010dlanom posade Silasom i spa\u0161avanje s potonulog broda, tako o\u017eivljavaju\u0107i pred o\u010dima \u010ditalaca to dinami\u010dno i zanimljivo razdoblje povijesti otoka Bra\u010da iz doba Rimskog carstva.<\/p>\n<p>[\/et_pb_text][\/et_pb_column][\/et_pb_row][et_pb_row _builder_version=&#8221;4.27.4&#8243; _module_preset=&#8221;default&#8221; theme_builder_area=&#8221;post_content&#8221; column_structure=&#8221;2_5,3_5&#8243; hover_enabled=&#8221;0&#8243; sticky_enabled=&#8221;0&#8243;][et_pb_column _builder_version=&#8221;4.27.4&#8243; _module_preset=&#8221;default&#8221; type=&#8221;2_5&#8243; theme_builder_area=&#8221;post_content&#8221;][et_pb_image src=&#8221;https:\/\/moj-otok.com\/wp\/ari\/files\/2025\/01\/dd03.jpg&#8221; _builder_version=&#8221;4.27.4&#8243; _module_preset=&#8221;default&#8221; theme_builder_area=&#8221;post_content&#8221; alt=&#8221;Naslovnica knjige %22Opis zbirke Druga domovina Narodne knji\u017enice&#8221; title_text=&#8221;Naslovnica knjige %22Opis zbirke Druga domovina Narodne knji\u017enice Sutivan%22&#8243; url=&#8221;https:\/\/moj-otok.com\/wp\/ari\/izdanja\/opis-zbirke-druga-domovina-narodne-knjiznice-sutivan\/&#8221; hover_enabled=&#8221;0&#8243; sticky_enabled=&#8221;0&#8243;][\/et_pb_image][\/et_pb_column][et_pb_column _builder_version=&#8221;4.27.4&#8243; _module_preset=&#8221;default&#8221; type=&#8221;3_5&#8243; theme_builder_area=&#8221;post_content&#8221;][et_pb_text _builder_version=&#8221;4.27.4&#8243; _module_preset=&#8221;default&#8221; theme_builder_area=&#8221;post_content&#8221; hover_enabled=&#8221;0&#8243; sticky_enabled=&#8221;0&#8243;]<\/p>\n<p><a href=\"https:\/\/moj-otok.com\/wp\/ari\/izdanja\/opis-zbirke-druga-domovina-narodne-knjiznice-sutivan\/\"><em>&#8220;Opis zbirke Druga domovina&#8221;<\/em><\/a> napisala je ugledna hrvatska hispanistica Mirjana Poli\u0107 Bobi\u0107, prof. emerita sa Sveu\u010dili\u0161ta u Zagrebu, koja je i glavna urednica \u010dasopisa Hrvatska revija Matice hrvatske. Autorica je, kroz dvije godine temeljitog istra\u017eivanja, pregledala vi\u0161e od 780 jedinica knji\u017ene gra\u0111e koja \u010dini zbirku. Gra\u0111a je podijeljena prema zemljama podrijetla, a autorica je posvetila posebnu pa\u017enju iznimnim djelima koja su dostupna hrvatskim \u010ditateljima i istra\u017eiva\u010dima isklju\u010divo u ovoj knji\u017enici. Tako\u0111er, autorica je iznijela preporuke za budu\u0107e istra\u017eiva\u010de i smjernice za daljnje oboga\u0107ivanje zbirke.<\/p>\n<p>[\/et_pb_text][\/et_pb_column][\/et_pb_row][et_pb_row _builder_version=&#8221;4.27.4&#8243; _module_preset=&#8221;default&#8221; theme_builder_area=&#8221;post_content&#8221; column_structure=&#8221;2_5,3_5&#8243; hover_enabled=&#8221;0&#8243; sticky_enabled=&#8221;0&#8243;][et_pb_column _builder_version=&#8221;4.27.4&#8243; _module_preset=&#8221;default&#8221; type=&#8221;2_5&#8243; theme_builder_area=&#8221;post_content&#8221;][et_pb_image src=&#8221;https:\/\/moj-otok.com\/wp\/ari\/files\/2022\/01\/01_macka-sutivan.jpg&#8221; _builder_version=&#8221;4.27.4&#8243; _module_preset=&#8221;default&#8221; theme_builder_area=&#8221;post_content&#8221; alt=&#8221;Slikovnica %22Pri\u010da o ma\u010dki u kampanelu%22 Franje Mlinca i Dra\u017eena Jerabeka&#8221; title_text=&#8221;Slikovnica %22Pri\u010da o ma\u010dki u kampanelu%22 Franje Mlinca i Dra\u017eena Jerabeka&#8221; url=&#8221;https:\/\/moj-otok.com\/wp\/ari\/slikovnica-prica-o-macki-u-kampanelu\/&#8221; hover_enabled=&#8221;0&#8243; sticky_enabled=&#8221;0&#8243;][\/et_pb_image][\/et_pb_column][et_pb_column _builder_version=&#8221;4.27.4&#8243; _module_preset=&#8221;default&#8221; type=&#8221;3_5&#8243; theme_builder_area=&#8221;post_content&#8221;][et_pb_text _builder_version=&#8221;4.27.4&#8243; _module_preset=&#8221;default&#8221; theme_builder_area=&#8221;post_content&#8221; hover_enabled=&#8221;0&#8243; sticky_enabled=&#8221;0&#8243;]<\/p>\n<p><a href=\"https:\/\/moj-otok.com\/wp\/ari\/slikovnica-prica-o-macki-u-kampanelu\/\"><em>&#8220;Pri\u010da o ma\u010dki u kampanelu&#8221;<\/em><\/a> je <ms-cmark-node _ngcontent-ng-c2459883256=\"\" _nghost-ng-c2459883256=\"\">dvojezi\u010dna (hrvatsko-engleska) ilustrirana pri\u010da (slikovnici)<\/ms-cmark-node>\u00a0za sve uzraste. Knjiga na simpati\u010dan i atraktivan na\u010din, uz predivne ilustracije Dra\u017eena Jerabeka,\u00a0<ms-cmark-node _ngcontent-ng-c2459883256=\"\" _nghost-ng-c2459883256=\"\">o\u017eivljava staru usmenu legendu iz Sutivana na otoku Bra\u010du<\/ms-cmark-node>\u00a0o tome kako se i za\u0161to ma\u010dka popela na lokalni zvonik. Tekst je prema legendi prilagodio Franjo Mlinac, a pri\u010da je postala dio suvremenog identiteta i turisti\u010dke prepoznatljivosti Sutivana.<\/p>\n<p>[\/et_pb_text][\/et_pb_column][\/et_pb_row][et_pb_row _builder_version=&#8221;4.27.4&#8243; _module_preset=&#8221;default&#8221; theme_builder_area=&#8221;post_content&#8221; column_structure=&#8221;2_5,3_5&#8243; hover_enabled=&#8221;0&#8243; sticky_enabled=&#8221;0&#8243;][et_pb_column _builder_version=&#8221;4.27.4&#8243; _module_preset=&#8221;default&#8221; type=&#8221;2_5&#8243; theme_builder_area=&#8221;post_content&#8221;][et_pb_image src=&#8221;https:\/\/moj-otok.com\/wp\/ari\/files\/2023\/04\/01.jpg&#8221; _builder_version=&#8221;4.27.4&#8243; _module_preset=&#8221;default&#8221; theme_builder_area=&#8221;post_content&#8221; alt=&#8221;Naslovnica zbirke pjesama \u201cUzvi\u0161ena gesta ljubavi\u201d koju je napisao Antonio Rendi\u0107 Ivanovi\u0107, objavljena od strane Hrvatske narodne knji\u017enice Antonio Rendi\u0107 Ivanovi\u0107 iz Sutivana.&#8221; title_text=&#8221;Naslovnica zbirke pjesama \u201cUzvi\u0161ena gesta ljubavi\u201d koju je napisao Antonio Rendi\u0107 Ivanovi\u0107, objavljena od strane Hrvatske narodne knji\u017enice Antonio Rendi\u0107 Ivanovi\u0107 iz Sutivana.&#8221; url=&#8221;https:\/\/moj-otok.com\/wp\/ari\/izdanja\/zbirka-pjesama-uzvisena-gesta-ljubavi-antonio-rendic-ivanovic\/&#8221; hover_enabled=&#8221;0&#8243; sticky_enabled=&#8221;0&#8243;][\/et_pb_image][\/et_pb_column][et_pb_column _builder_version=&#8221;4.27.4&#8243; _module_preset=&#8221;default&#8221; type=&#8221;3_5&#8243; theme_builder_area=&#8221;post_content&#8221;][et_pb_text _builder_version=&#8221;4.27.4&#8243; _module_preset=&#8221;default&#8221; theme_builder_area=&#8221;post_content&#8221; hover_enabled=&#8221;0&#8243; sticky_enabled=&#8221;0&#8243;]<\/p>\n<p>Zbirka poezije <a href=\"https:\/\/moj-otok.com\/wp\/ari\/izdanja\/zbirka-pjesama-uzvisena-gesta-ljubavi-antonio-rendic-ivanovic\/\"><em>&#8220;Uzvi\u0161ena gesta ljubavi&#8221;<\/em><\/a>. Antonio Rendi\u0107 Ivanovi\u0107 (1896. \u2013 1993.) bio je kultna figura u sjevernom \u010cileu, posebno u regiji grada Antofagaste, gdje mnoge javne ustanove i ulice nose njegovo ime. Kao pisac, lije\u010dnik i humanist, ostavio je dubok trag u \u010cileu, zemlji koju je smatrao svojom \u201cdrugom domovinom\u201d nakon \u0161to je s roditeljima iz Sutivana na otoku Bra\u010du do\u0161ao kao \u010detverogodi\u0161nji dje\u010dak. Unato\u010d njegovom plodonosnom radu, malo je poznat u Hrvatskoj.<\/p>\n<p>[\/et_pb_text][\/et_pb_column][\/et_pb_row][et_pb_row _builder_version=&#8221;4.27.4&#8243; _module_preset=&#8221;default&#8221; theme_builder_area=&#8221;post_content&#8221; column_structure=&#8221;2_5,3_5&#8243; hover_enabled=&#8221;0&#8243; sticky_enabled=&#8221;0&#8243;][et_pb_column _builder_version=&#8221;4.27.4&#8243; _module_preset=&#8221;default&#8221; type=&#8221;2_5&#8243; theme_builder_area=&#8221;post_content&#8221;][et_pb_image src=&#8221;https:\/\/moj-otok.com\/wp\/ari\/files\/2025\/04\/ringspiralbinder_836x1155-217&#215;300.png&#8221; _builder_version=&#8221;4.27.4&#8243; _module_preset=&#8221;default&#8221; theme_builder_area=&#8221;post_content&#8221; alt=&#8221;Samonikle biljke dalmatinskih otoka i priobalja&#8221; title_text=&#8221;Samonikle biljke dalmatinskih otoka i priobalja&#8221; url=&#8221;https:\/\/moj-otok.com\/wp\/ari\/izdanja\/nasa-izdanja-samonikle-biljke\/&#8221; hover_enabled=&#8221;0&#8243; sticky_enabled=&#8221;0&#8243;][\/et_pb_image][\/et_pb_column][et_pb_column _builder_version=&#8221;4.27.4&#8243; _module_preset=&#8221;default&#8221; type=&#8221;3_5&#8243; theme_builder_area=&#8221;post_content&#8221;][et_pb_text _builder_version=&#8221;4.27.4&#8243; _module_preset=&#8221;default&#8221; theme_builder_area=&#8221;post_content&#8221; hover_enabled=&#8221;0&#8243; sticky_enabled=&#8221;0&#8243;]<\/p>\n<p><a href=\"https:\/\/moj-otok.com\/wp\/ari\/izdanja\/nasa-izdanja-samonikle-biljke\/\"><em>&#8220;Samonikle biljke dalmatinskih otoka i priobalja&#8221;<\/em><\/a> vodi\u010d je za ljubitelje prirode i \u0161etnje, koji na jednom mjestu okuplja i opisuje\u00a0 karakteristi\u010dne samonikle biljke dalmatinskih otoka i priobalja. Jednostavni i zanimljivi opisi naj\u010de\u0161\u0107ih biljaka probudit \u0107e u vama \u017eelju za daljnjim istra\u017eivanjem neizmjerno raznolikog svijeta prirode koja nas okru\u017euje.<\/p>\n<p>[\/et_pb_text][\/et_pb_column][\/et_pb_row][et_pb_row _builder_version=&#8221;4.27.4&#8243; _module_preset=&#8221;default&#8221; theme_builder_area=&#8221;post_content&#8221; column_structure=&#8221;2_5,3_5&#8243; hover_enabled=&#8221;0&#8243; sticky_enabled=&#8221;0&#8243;][et_pb_column _builder_version=&#8221;4.27.4&#8243; _module_preset=&#8221;default&#8221; type=&#8221;2_5&#8243; theme_builder_area=&#8221;post_content&#8221;][et_pb_image src=&#8221;https:\/\/moj-otok.com\/wp\/ari\/files\/2025\/04\/samonikle.jpg&#8221; _builder_version=&#8221;4.27.4&#8243; _module_preset=&#8221;default&#8221; theme_builder_area=&#8221;post_content&#8221; alt=&#8221;103 samonikle biljke otoka Bra\u010da&#8221; title_text=&#8221;103 samonikle biljke otoka Bra\u010da&#8221; url=&#8221;https:\/\/moj-otok.com\/wp\/ari\/izdanja\/nasa-izdanja-samonikle-biljke\/&#8221; hover_enabled=&#8221;0&#8243; sticky_enabled=&#8221;0&#8243;][\/et_pb_image][\/et_pb_column][et_pb_column _builder_version=&#8221;4.27.4&#8243; _module_preset=&#8221;default&#8221; type=&#8221;3_5&#8243; theme_builder_area=&#8221;post_content&#8221;][et_pb_text _builder_version=&#8221;4.27.4&#8243; _module_preset=&#8221;default&#8221; theme_builder_area=&#8221;post_content&#8221; hover_enabled=&#8221;0&#8243; sticky_enabled=&#8221;0&#8243;]<\/p>\n<p><a href=\"https:\/\/moj-otok.com\/wp\/ari\/izdanja\/nasa-izdanja-samonikle-biljke\/\"><em>&#8220;103 samonikle biljke otoka Bra\u010da&#8221;<\/em><\/a> nezaobilazan je vodi\u010d za sve ljubitelje prirode i posjetitelje Bra\u010da, koji na jednom mjestu okuplja i opisuje 103 karakteristi\u010dne samonikle biljke ovog jedinstvenog dalmatinskog otoka. Postoji hrvatsko i englesko izdanje<\/p>\n<p>[\/et_pb_text][\/et_pb_column][\/et_pb_row][\/et_pb_section]<\/p>\n","protected":false},"excerpt":{"rendered":"<p>&#8220;Avanture dje\u010daka Zena&#8221; pru\u017eaju neobi\u010dan i zanimljiv uvid u pri\u010du o brodolomu kao i u \u0161iru pri\u010du o prebogatoj anti\u010dkoj ba\u0161tini otoka Bra\u010da. Zeno, gr\u010dko siro\u010de iz Nikopolisa, prepri\u010dava svoje do\u017eivljaje na brodu, otkrivanje otoka Bra\u010da i njegovih tajni, sukob s nasilnim \u010dlanom posade Silasom i spa\u0161avanje s potonulog broda, tako o\u017eivljavaju\u0107i pred o\u010dima \u010ditalaca to dinami\u010dno i zanimljivo razdoblje povijesti otoka Bra\u010da iz doba Rimskog carstva.&#8221;Opis zbirke Druga domovina&#8221; napisala je ugledna hrvatska hispanistica Mirjana Poli\u0107 Bobi\u0107, prof. emerita sa Sveu\u010dili\u0161ta u Zagrebu, koja je i glavna urednica \u010dasopisa Hrvatska revija Matice hrvatske. Autorica je, kroz dvije godine temeljitog istra\u017eivanja, pregledala vi\u0161e od 780 jedinica knji\u017ene gra\u0111e koja \u010dini [&hellip;]<\/p>\n","protected":false},"author":1,"featured_media":0,"parent":0,"menu_order":0,"comment_status":"closed","ping_status":"closed","template":"","meta":{"_et_pb_use_builder":"on","_et_pb_old_content":"","_et_gb_content_width":"","footnotes":""},"class_list":["post-3960","page","type-page","status-publish","hentry"],"yoast_head":"<!-- This site is optimized with the Yoast SEO plugin v26.9 - https:\/\/yoast.com\/product\/yoast-seo-wordpress\/ -->\n<title>Knjige - Narodna knji\u017enica Sutivan - Sutivan Public Library<\/title>\n<meta name=\"robots\" content=\"index, follow, max-snippet:-1, max-image-preview:large, max-video-preview:-1\" \/>\n<link rel=\"canonical\" href=\"https:\/\/moj-otok.com\/wp\/ari\/knjige\/\" \/>\n<meta property=\"og:locale\" content=\"hr_HR\" \/>\n<meta property=\"og:type\" content=\"article\" \/>\n<meta property=\"og:title\" content=\"Knjige - Narodna knji\u017enica Sutivan - Sutivan Public Library\" \/>\n<meta property=\"og:description\" content=\"&quot;Avanture dje\u010daka Zena&quot; pru\u017eaju neobi\u010dan i zanimljiv uvid u pri\u010du o brodolomu kao i u \u0161iru pri\u010du o prebogatoj anti\u010dkoj ba\u0161tini otoka Bra\u010da. Zeno, gr\u010dko siro\u010de iz Nikopolisa, prepri\u010dava svoje do\u017eivljaje na brodu, otkrivanje otoka Bra\u010da i njegovih tajni, sukob s nasilnim \u010dlanom posade Silasom i spa\u0161avanje s potonulog broda, tako o\u017eivljavaju\u0107i pred o\u010dima \u010ditalaca to dinami\u010dno i zanimljivo razdoblje povijesti otoka Bra\u010da iz doba Rimskog carstva.&quot;Opis zbirke Druga domovina&quot; napisala je ugledna hrvatska hispanistica Mirjana Poli\u0107 Bobi\u0107, prof. emerita sa Sveu\u010dili\u0161ta u Zagrebu, koja je i glavna urednica \u010dasopisa Hrvatska revija Matice hrvatske. Autorica je, kroz dvije godine temeljitog istra\u017eivanja, pregledala vi\u0161e od 780 jedinica knji\u017ene gra\u0111e koja \u010dini [&hellip;]\" \/>\n<meta property=\"og:url\" content=\"https:\/\/moj-otok.com\/wp\/ari\/knjige\/\" \/>\n<meta property=\"og:site_name\" content=\"Narodna knji\u017enica Sutivan - Sutivan Public Library\" \/>\n<meta property=\"article:publisher\" content=\"https:\/\/web.facebook.com\/knjiznicasutivan\" \/>\n<meta property=\"article:modified_time\" content=\"2025-04-10T19:06:16+00:00\" \/>\n<meta name=\"twitter:card\" content=\"summary_large_image\" \/>\n<script type=\"application\/ld+json\" class=\"yoast-schema-graph\">{\"@context\":\"https:\/\/schema.org\",\"@graph\":[{\"@type\":\"WebPage\",\"@id\":\"https:\/\/moj-otok.com\/wp\/ari\/knjige\/\",\"url\":\"https:\/\/moj-otok.com\/wp\/ari\/knjige\/\",\"name\":\"Knjige - Narodna knji\u017enica Sutivan - Sutivan Public Library\",\"isPartOf\":{\"@id\":\"https:\/\/moj-otok.com\/wp\/ari\/#website\"},\"datePublished\":\"2025-04-10T17:27:47+00:00\",\"dateModified\":\"2025-04-10T19:06:16+00:00\",\"breadcrumb\":{\"@id\":\"https:\/\/moj-otok.com\/wp\/ari\/knjige\/#breadcrumb\"},\"inLanguage\":\"hr\",\"potentialAction\":[{\"@type\":\"ReadAction\",\"target\":[\"https:\/\/moj-otok.com\/wp\/ari\/knjige\/\"]}]},{\"@type\":\"BreadcrumbList\",\"@id\":\"https:\/\/moj-otok.com\/wp\/ari\/knjige\/#breadcrumb\",\"itemListElement\":[{\"@type\":\"ListItem\",\"position\":1,\"name\":\"Po\u010detna stranica\",\"item\":\"https:\/\/moj-otok.com\/wp\/ari\/\"},{\"@type\":\"ListItem\",\"position\":2,\"name\":\"Knjige\"}]},{\"@type\":\"WebSite\",\"@id\":\"https:\/\/moj-otok.com\/wp\/ari\/#website\",\"url\":\"https:\/\/moj-otok.com\/wp\/ari\/\",\"name\":\"Narodna knji\u017enica Sutivan - Sutivan Public Library\",\"description\":\"Ulaskom u knji\u017enicu postajete dioni\u010dar &quot;dru\u0161tva znanja&quot; i ba\u0161tinik povijesne ljubavi za pisanom rije\u010di.\",\"potentialAction\":[{\"@type\":\"SearchAction\",\"target\":{\"@type\":\"EntryPoint\",\"urlTemplate\":\"https:\/\/moj-otok.com\/wp\/ari\/?s={search_term_string}\"},\"query-input\":{\"@type\":\"PropertyValueSpecification\",\"valueRequired\":true,\"valueName\":\"search_term_string\"}}],\"inLanguage\":\"hr\"}]}<\/script>\n<!-- \/ Yoast SEO plugin. -->","yoast_head_json":{"title":"Knjige - Narodna knji\u017enica Sutivan - Sutivan Public Library","robots":{"index":"index","follow":"follow","max-snippet":"max-snippet:-1","max-image-preview":"max-image-preview:large","max-video-preview":"max-video-preview:-1"},"canonical":"https:\/\/moj-otok.com\/wp\/ari\/knjige\/","og_locale":"hr_HR","og_type":"article","og_title":"Knjige - Narodna knji\u017enica Sutivan - Sutivan Public Library","og_description":"\"Avanture dje\u010daka Zena\" pru\u017eaju neobi\u010dan i zanimljiv uvid u pri\u010du o brodolomu kao i u \u0161iru pri\u010du o prebogatoj anti\u010dkoj ba\u0161tini otoka Bra\u010da. Zeno, gr\u010dko siro\u010de iz Nikopolisa, prepri\u010dava svoje do\u017eivljaje na brodu, otkrivanje otoka Bra\u010da i njegovih tajni, sukob s nasilnim \u010dlanom posade Silasom i spa\u0161avanje s potonulog broda, tako o\u017eivljavaju\u0107i pred o\u010dima \u010ditalaca to dinami\u010dno i zanimljivo razdoblje povijesti otoka Bra\u010da iz doba Rimskog carstva.\"Opis zbirke Druga domovina\" napisala je ugledna hrvatska hispanistica Mirjana Poli\u0107 Bobi\u0107, prof. emerita sa Sveu\u010dili\u0161ta u Zagrebu, koja je i glavna urednica \u010dasopisa Hrvatska revija Matice hrvatske. Autorica je, kroz dvije godine temeljitog istra\u017eivanja, pregledala vi\u0161e od 780 jedinica knji\u017ene gra\u0111e koja \u010dini [&hellip;]","og_url":"https:\/\/moj-otok.com\/wp\/ari\/knjige\/","og_site_name":"Narodna knji\u017enica Sutivan - Sutivan Public Library","article_publisher":"https:\/\/web.facebook.com\/knjiznicasutivan","article_modified_time":"2025-04-10T19:06:16+00:00","twitter_card":"summary_large_image","schema":{"@context":"https:\/\/schema.org","@graph":[{"@type":"WebPage","@id":"https:\/\/moj-otok.com\/wp\/ari\/knjige\/","url":"https:\/\/moj-otok.com\/wp\/ari\/knjige\/","name":"Knjige - Narodna knji\u017enica Sutivan - Sutivan Public Library","isPartOf":{"@id":"https:\/\/moj-otok.com\/wp\/ari\/#website"},"datePublished":"2025-04-10T17:27:47+00:00","dateModified":"2025-04-10T19:06:16+00:00","breadcrumb":{"@id":"https:\/\/moj-otok.com\/wp\/ari\/knjige\/#breadcrumb"},"inLanguage":"hr","potentialAction":[{"@type":"ReadAction","target":["https:\/\/moj-otok.com\/wp\/ari\/knjige\/"]}]},{"@type":"BreadcrumbList","@id":"https:\/\/moj-otok.com\/wp\/ari\/knjige\/#breadcrumb","itemListElement":[{"@type":"ListItem","position":1,"name":"Po\u010detna stranica","item":"https:\/\/moj-otok.com\/wp\/ari\/"},{"@type":"ListItem","position":2,"name":"Knjige"}]},{"@type":"WebSite","@id":"https:\/\/moj-otok.com\/wp\/ari\/#website","url":"https:\/\/moj-otok.com\/wp\/ari\/","name":"Narodna knji\u017enica Sutivan - Sutivan Public Library","description":"Ulaskom u knji\u017enicu postajete dioni\u010dar &quot;dru\u0161tva znanja&quot; i ba\u0161tinik povijesne ljubavi za pisanom rije\u010di.","potentialAction":[{"@type":"SearchAction","target":{"@type":"EntryPoint","urlTemplate":"https:\/\/moj-otok.com\/wp\/ari\/?s={search_term_string}"},"query-input":{"@type":"PropertyValueSpecification","valueRequired":true,"valueName":"search_term_string"}}],"inLanguage":"hr"}]}},"_links":{"self":[{"href":"https:\/\/moj-otok.com\/wp\/ari\/wp-json\/wp\/v2\/pages\/3960","targetHints":{"allow":["GET"]}}],"collection":[{"href":"https:\/\/moj-otok.com\/wp\/ari\/wp-json\/wp\/v2\/pages"}],"about":[{"href":"https:\/\/moj-otok.com\/wp\/ari\/wp-json\/wp\/v2\/types\/page"}],"author":[{"embeddable":true,"href":"https:\/\/moj-otok.com\/wp\/ari\/wp-json\/wp\/v2\/users\/1"}],"replies":[{"embeddable":true,"href":"https:\/\/moj-otok.com\/wp\/ari\/wp-json\/wp\/v2\/comments?post=3960"}],"version-history":[{"count":6,"href":"https:\/\/moj-otok.com\/wp\/ari\/wp-json\/wp\/v2\/pages\/3960\/revisions"}],"predecessor-version":[{"id":4007,"href":"https:\/\/moj-otok.com\/wp\/ari\/wp-json\/wp\/v2\/pages\/3960\/revisions\/4007"}],"wp:attachment":[{"href":"https:\/\/moj-otok.com\/wp\/ari\/wp-json\/wp\/v2\/media?parent=3960"}],"curies":[{"name":"wp","href":"https:\/\/api.w.org\/{rel}","templated":true}]}}