{"id":668,"date":"2010-09-15T08:20:47","date_gmt":"2010-09-15T07:20:47","guid":{"rendered":"http:\/\/elegantthemes.com\/preview\/DeepFocus\/?page_id=233"},"modified":"2025-03-18T12:33:00","modified_gmt":"2025-03-18T11:33:00","slug":"usluge-knjiznica-sutivan","status":"publish","type":"page","link":"https:\/\/moj-otok.com\/wp\/ari\/usluge-knjiznica-sutivan\/","title":{"rendered":"Usluge"},"content":{"rendered":"\n[et_pb_section fb_built=&#8221;1&#8243; _builder_version=&#8221;4.27.4&#8243; background_color=&#8221;#FFFFFF&#8221; hover_enabled=&#8221;0&#8243; global_colors_info=&#8221;{}&#8221; sticky_enabled=&#8221;0&#8243;][et_pb_row _builder_version=&#8221;4.16&#8243; background_size=&#8221;initial&#8221; background_position=&#8221;top_left&#8221; background_repeat=&#8221;repeat&#8221; global_colors_info=&#8221;{}&#8221;][et_pb_column type=&#8221;4_4&#8243; _builder_version=&#8221;4.16&#8243; custom_padding=&#8221;|||&#8221; global_colors_info=&#8221;{}&#8221; custom_padding__hover=&#8221;|||&#8221;][et_pb_text _builder_version=&#8221;4.27.4&#8243; background_size=&#8221;initial&#8221; background_position=&#8221;top_left&#8221; background_repeat=&#8221;repeat&#8221; hover_enabled=&#8221;0&#8243; global_colors_info=&#8221;{}&#8221; sticky_enabled=&#8221;0&#8243;]<p>Dragi i po\u0161tovani sada\u0161nji i budu\u0107i korisnici na\u0161e narodne knji\u017enice.<br \/>U svaku novu godinu ulazimo s jo\u0161 ve\u0107im fondom knjiga koje mo\u017eete posu\u0111ivati ili \u010ditati i razgledati u novoopremljenoj i ure\u0111enoj dvorani \u010ditaonice. Na raspolaganju vam je br\u017ei pristup internetu kao i brojne druge usluge, aktivnosti i novosti. Fondu mo\u017eete pristupiti i putem <a href=\"https:\/\/nk-sutivan.zaki.com.hr\/pages\/search.aspx\">on-line kataloga<\/a>.<\/p>\n<p>Posebno mjesto u fondu \u010dine <a href=\"https:\/\/moj-otok.com\/wp\/ari\/zbirka-druga-domovina\/\">zbirka iseljeni\u010dke knji\u017eevnosti &#8220;Druga domovina&#8221;<\/a> i <a href=\"https:\/\/moj-otok.com\/wp\/ari\/zavicajna-zbirka\/\">zavi\u010dajna zbirka Sutivana i otoka Bra\u010da<\/a>.<\/p>\n<h2>Posudba knjiga:<\/h2>\n<p>Knji\u017enica raspola\u017ee s preko 12 000 knji\u017enih naslova i fond se stalno popunjava. Knjige se posu\u0111uju na 20 dana a filmovi na 7 dana sa mogu\u0107nosti produ\u017eenja.<\/p>\n<h2>Kori\u0161tenje brze WI-FI veze za pristup na Internet:<\/h2>\n<p>Korisnicima je na raspolaganju brza internetska veza na koju se mogu priklju\u010diti svojim ure\u0111ajima iz \u010ditaonice, ili u bli\u017eem okru\u017eenju zgrade.<\/p>\n<h2>Igraonica \u2013 dje\u010dji kutak i \u010ditaonica:<\/h2>\n<p>Za djecu od 2. razreda osnovne \u0161kole samostalno i za mla\u0111e uz nazo\u010dnost roditelja ili staratelja raspolo\u017eiva je igraonica. U njoj se mogu zabavljati crtanjem, bojanjem, igranjem raznih igara i listanjem pri\u010da i slikovnica.<\/p>\n<h2>Informacijska slu\u017eba za korisnike:<\/h2>\n<p>Pru\u017eamo pomo\u0107 u odabiru stru\u010dne literature, u pronala\u017eenju pouzdanih informacija na internetu ili u gra\u0111i knji\u017enice, dajemo stru\u010dne savjete, upute i preporuke korisnicima.<\/p>\n<p><strong>Uz sve spomenute aktivnosti knji\u017enica aktivno sudjeluje u kulturnom i dru\u0161tvenom \u017eivotu Sutivana i potpoma\u017ee sve aktivnosti udruga i pojedinaca koje su korisne za razvoj lokalne zajednice, obrazovanje i kulturu gra\u0111ana.<\/strong><\/p>\n<p>U prostorijama \u010ditaonice postavljena je vitrina s arheolo\u0161kim nalazima s lokaliteta <a href=\"https:\/\/moj-otok.com\/wp\/ari\/anticki-brodolom\/\">anti\u010dkog brodoloma u Sutivanu<\/a> kao i mala geolo\u0161ka postava kamenja s fosilima vezana za <a href=\"https:\/\/moj-otok.com\/wp\/ari\/geologija\/\">geolo\u0161ku atrakciju u uvali Likva<\/a>. Povremeno se postavljaju i druge izlo\u017ebe ili informativni posteri.<\/p>\n<p><strong>Va\u0161a \u010dlanarina poma\u017ee radu knji\u017enice i njenom razvoju i mo\u017ee biti aktivna ili simboli\u010dna ali u svakom slu\u010daju nas veseli i na njoj smo vam zahvalni.<\/strong><\/p>\n<p><strong>\u00a0<\/strong><\/p>[\/et_pb_text][\/et_pb_column][\/et_pb_row][\/et_pb_section]\n","protected":false},"excerpt":{"rendered":"<p>Dragi i po\u0161tovani sada\u0161nji i budu\u0107i korisnici na\u0161e narodne knji\u017enice.U svaku novu godinu ulazimo s jo\u0161 ve\u0107im fondom knjiga koje mo\u017eete posu\u0111ivati ili \u010ditati i razgledati u novoopremljenoj i ure\u0111enoj dvorani \u010ditaonice. Na raspolaganju vam je br\u017ei pristup internetu kao i brojne druge usluge, aktivnosti i novosti. Fondu mo\u017eete pristupiti i putem on-line kataloga. Posebno mjesto u fondu \u010dine zbirka iseljeni\u010dke knji\u017eevnosti &#8220;Druga domovina&#8221; i zavi\u010dajna zbirka Sutivana i otoka Bra\u010da. Posudba knjiga: Knji\u017enica raspola\u017ee s preko 12 000 knji\u017enih naslova i fond se stalno popunjava. Knjige se posu\u0111uju na 20 dana a filmovi na 7 dana sa mogu\u0107nosti produ\u017eenja. Kori\u0161tenje brze WI-FI veze za pristup na Internet: Korisnicima je [&hellip;]<\/p>\n","protected":false},"author":1,"featured_media":0,"parent":0,"menu_order":1,"comment_status":"closed","ping_status":"closed","template":"","meta":{"_et_pb_use_builder":"on","_et_pb_old_content":"Dragi i po\u0161tovani sada\u0161nji i budu\u0107i korisnici stivanske narodne knji\u017enice.\nU svaku novu godinu ulazimo sa jo\u0161 ve\u0107im fondom knjiga, DVD-ova i \u010dasopisa koje mo\u017eete posu\u0111ivati ili \u010ditati i razgledati u novoopremljenoj i ure\u0111enoj dvorani \u010ditaonice. Na raspolaganju vam je ve\u0107i broj ra\u010dunala, br\u017ei pristup internetu kao i brojne druge usluge, aktivnosti i novosti.\n<h2>Posudba knjiga, CD-ova, DVD-ova i \u010dasopisa:<\/h2>\nKnji\u017enica raspola\u017ee sa preko 8000 knji\u017enih naslova i preko 800 dokumetarnih i igranih filmova i fond se stalno popunjava. Knjige se posu\u0111uju na 20 dana a filmovi na 7 dana sa mogu\u0107nosti produ\u017eenja.\n<h2>Kori\u0161tenje ra\u010dunala za pristup na Internet, igranje, u\u010denje i komuniciranje:<\/h2>\nKorisnicima je na raspolaganju 7 ra\u010dunala sa pristupom na Internet, od kojih su tri smje\u0161tena u igraonici, a \u010detiri u \u010ditaonici.\n<h2>Igraonica \u2013 dje\u010dji kutak i \u010ditaonica:<\/h2>\nZa djecu od 2. razreda osnovne \u0161kole samostalno i za mla\u0111e uz nazo\u010dnost roditelja ili staratelja u radno vrijeme igraonice. U \u010ditaonici mo\u017eete razgledati vrijednu gra\u0111u koja se ne posu\u0111uje, prelistati \u010dasopise ili razgledati povremene izlo\u017ebe i info panoe.\n<h2>Informacijska slu\u017eba za korisnike:<\/h2>\nPomo\u0107 u odabiru stru\u010dne literature, u pronala\u017eenju pouzdanih informacija na internetu ili u gra\u0111i knji\u017enice, stru\u010dni savjeti, upute i preporuke korisnicima.\n\n<strong>Uz sve spomenute aktivnosti knji\u017enica aktivno sudjeluje u kulturnom i dru\u0161tvenom \u017eivotu Sutivana i potpoma\u017ee sve aktivnosti udruga i pojedinaca koje su korisne za razvoj lokalne zajednice, obrazovanje i kulturu gra\u0111ana.<\/strong>\n<h2>Novosti:<\/h2>\n<h2><\/h2>\n<h3>Te\u010dajevi kori\u0161tenja i rada na ra\u010dunalu za mlade \u010dlanove:<\/h3>\nOsnovna obuka koja je obvezna za sve koji koriste ra\u010dunala u igraonici i napredna obuka jednom tjedno, besplatna za sve mlade \u010dlanove. Stje\u010du se znanja iz kori\u0161tenja popularnih programa za svakodnevni rad, kao i stru\u010dna znanja u crta\u0107im programima, obradi fotografija i izradi web stranica.\n<h3>Radionice digitalne fotografije i videa:<\/h3>\nU suradnji s \u010dlanovima udruge UMK Crno Bili Svit povremeno se organiziraju fotografske, video i glazbene radionice.\n<h3>Turniri u dru\u0161tvenim igrama:<\/h3>\nSvaka dva tjedna zainteresirani \u010dlanovi mogu se ogledati u raznim popularnim dru\u0161tvenim i edukacijskim igrama poput Booglea, Jenge, Trivial Pursuita, Memoryja, \u0161aha, slagalicama i mnogim drugima. Ima i turnira iznena\u0111enja koji \u0107e poticati naviku \u010ditanja kod mladih poput Dvoboja poezije, Opi\u0161i me i sl. Nastavljamo i sa na\u0161im starim izumom \u2013 natjecanjem u tra\u017eenju informacija u knjigama i na internetu \u2013 popularnom Igrom do znanja.\n\n<strong>Va\u0161a \u010dlanarina poma\u017ee radu knji\u017enice i njenom razvoju i mo\u017ee biti aktivna ili simboli\u010dna ali u svakom slu\u010daju nas veseli i na njoj smo vam zahvalni.<\/strong>\n\n<strong>\u00a0<\/strong>","_et_gb_content_width":"","footnotes":""},"class_list":["post-668","page","type-page","status-publish","hentry"],"yoast_head":"<!-- This site is optimized with the Yoast SEO plugin v26.9 - https:\/\/yoast.com\/product\/yoast-seo-wordpress\/ -->\n<title>Usluge - Narodna knji\u017enica Sutivan - Sutivan Public Library<\/title>\n<meta name=\"description\" content=\"Pru\u017eamo pomo\u0107 u odabiru stru\u010dne literature, u pronala\u017eenju pouzdanih informacija o otku Bra\u010du i Sutivanu, dajemo stru\u010dne savjete, upute i preporuke korisnicima.\" \/>\n<meta name=\"robots\" content=\"index, follow, max-snippet:-1, max-image-preview:large, max-video-preview:-1\" \/>\n<link rel=\"canonical\" href=\"https:\/\/moj-otok.com\/wp\/ari\/usluge-knjiznica-sutivan\/\" \/>\n<meta property=\"og:locale\" content=\"hr_HR\" \/>\n<meta property=\"og:type\" content=\"article\" \/>\n<meta property=\"og:title\" content=\"Usluge - Narodna knji\u017enica Sutivan - Sutivan Public Library\" \/>\n<meta property=\"og:description\" content=\"Pru\u017eamo pomo\u0107 u odabiru stru\u010dne literature, u pronala\u017eenju pouzdanih informacija o otku Bra\u010du i Sutivanu, dajemo stru\u010dne savjete, upute i preporuke korisnicima.\" \/>\n<meta property=\"og:url\" content=\"https:\/\/moj-otok.com\/wp\/ari\/usluge-knjiznica-sutivan\/\" \/>\n<meta property=\"og:site_name\" content=\"Narodna knji\u017enica Sutivan - Sutivan Public Library\" \/>\n<meta property=\"article:publisher\" content=\"https:\/\/web.facebook.com\/knjiznicasutivan\" \/>\n<meta property=\"article:modified_time\" content=\"2025-03-18T11:33:00+00:00\" \/>\n<meta name=\"twitter:card\" content=\"summary_large_image\" \/>\n<meta name=\"twitter:label1\" content=\"Procijenjeno vrijeme \u010ditanja\" \/>\n\t<meta name=\"twitter:data1\" content=\"2 minute\" \/>\n<script type=\"application\/ld+json\" class=\"yoast-schema-graph\">{\"@context\":\"https:\/\/schema.org\",\"@graph\":[{\"@type\":\"WebPage\",\"@id\":\"https:\/\/moj-otok.com\/wp\/ari\/usluge-knjiznica-sutivan\/\",\"url\":\"https:\/\/moj-otok.com\/wp\/ari\/usluge-knjiznica-sutivan\/\",\"name\":\"Usluge - Narodna knji\u017enica Sutivan - Sutivan Public Library\",\"isPartOf\":{\"@id\":\"https:\/\/moj-otok.com\/wp\/ari\/#website\"},\"datePublished\":\"2010-09-15T07:20:47+00:00\",\"dateModified\":\"2025-03-18T11:33:00+00:00\",\"description\":\"Pru\u017eamo pomo\u0107 u odabiru stru\u010dne literature, u pronala\u017eenju pouzdanih informacija o otku Bra\u010du i Sutivanu, dajemo stru\u010dne savjete, upute i preporuke korisnicima.\",\"breadcrumb\":{\"@id\":\"https:\/\/moj-otok.com\/wp\/ari\/usluge-knjiznica-sutivan\/#breadcrumb\"},\"inLanguage\":\"hr\",\"potentialAction\":[{\"@type\":\"ReadAction\",\"target\":[\"https:\/\/moj-otok.com\/wp\/ari\/usluge-knjiznica-sutivan\/\"]}]},{\"@type\":\"BreadcrumbList\",\"@id\":\"https:\/\/moj-otok.com\/wp\/ari\/usluge-knjiznica-sutivan\/#breadcrumb\",\"itemListElement\":[{\"@type\":\"ListItem\",\"position\":1,\"name\":\"Po\u010detna stranica\",\"item\":\"https:\/\/moj-otok.com\/wp\/ari\/\"},{\"@type\":\"ListItem\",\"position\":2,\"name\":\"Usluge\"}]},{\"@type\":\"WebSite\",\"@id\":\"https:\/\/moj-otok.com\/wp\/ari\/#website\",\"url\":\"https:\/\/moj-otok.com\/wp\/ari\/\",\"name\":\"Narodna knji\u017enica Sutivan - Sutivan Public Library\",\"description\":\"Ulaskom u knji\u017enicu postajete dioni\u010dar &quot;dru\u0161tva znanja&quot; i ba\u0161tinik povijesne ljubavi za pisanom rije\u010di.\",\"potentialAction\":[{\"@type\":\"SearchAction\",\"target\":{\"@type\":\"EntryPoint\",\"urlTemplate\":\"https:\/\/moj-otok.com\/wp\/ari\/?s={search_term_string}\"},\"query-input\":{\"@type\":\"PropertyValueSpecification\",\"valueRequired\":true,\"valueName\":\"search_term_string\"}}],\"inLanguage\":\"hr\"}]}<\/script>\n<!-- \/ Yoast SEO plugin. -->","yoast_head_json":{"title":"Usluge - Narodna knji\u017enica Sutivan - Sutivan Public Library","description":"Pru\u017eamo pomo\u0107 u odabiru stru\u010dne literature, u pronala\u017eenju pouzdanih informacija o otku Bra\u010du i Sutivanu, dajemo stru\u010dne savjete, upute i preporuke korisnicima.","robots":{"index":"index","follow":"follow","max-snippet":"max-snippet:-1","max-image-preview":"max-image-preview:large","max-video-preview":"max-video-preview:-1"},"canonical":"https:\/\/moj-otok.com\/wp\/ari\/usluge-knjiznica-sutivan\/","og_locale":"hr_HR","og_type":"article","og_title":"Usluge - Narodna knji\u017enica Sutivan - Sutivan Public Library","og_description":"Pru\u017eamo pomo\u0107 u odabiru stru\u010dne literature, u pronala\u017eenju pouzdanih informacija o otku Bra\u010du i Sutivanu, dajemo stru\u010dne savjete, upute i preporuke korisnicima.","og_url":"https:\/\/moj-otok.com\/wp\/ari\/usluge-knjiznica-sutivan\/","og_site_name":"Narodna knji\u017enica Sutivan - Sutivan Public Library","article_publisher":"https:\/\/web.facebook.com\/knjiznicasutivan","article_modified_time":"2025-03-18T11:33:00+00:00","twitter_card":"summary_large_image","twitter_misc":{"Procijenjeno vrijeme \u010ditanja":"2 minute"},"schema":{"@context":"https:\/\/schema.org","@graph":[{"@type":"WebPage","@id":"https:\/\/moj-otok.com\/wp\/ari\/usluge-knjiznica-sutivan\/","url":"https:\/\/moj-otok.com\/wp\/ari\/usluge-knjiznica-sutivan\/","name":"Usluge - Narodna knji\u017enica Sutivan - Sutivan Public Library","isPartOf":{"@id":"https:\/\/moj-otok.com\/wp\/ari\/#website"},"datePublished":"2010-09-15T07:20:47+00:00","dateModified":"2025-03-18T11:33:00+00:00","description":"Pru\u017eamo pomo\u0107 u odabiru stru\u010dne literature, u pronala\u017eenju pouzdanih informacija o otku Bra\u010du i Sutivanu, dajemo stru\u010dne savjete, upute i preporuke korisnicima.","breadcrumb":{"@id":"https:\/\/moj-otok.com\/wp\/ari\/usluge-knjiznica-sutivan\/#breadcrumb"},"inLanguage":"hr","potentialAction":[{"@type":"ReadAction","target":["https:\/\/moj-otok.com\/wp\/ari\/usluge-knjiznica-sutivan\/"]}]},{"@type":"BreadcrumbList","@id":"https:\/\/moj-otok.com\/wp\/ari\/usluge-knjiznica-sutivan\/#breadcrumb","itemListElement":[{"@type":"ListItem","position":1,"name":"Po\u010detna stranica","item":"https:\/\/moj-otok.com\/wp\/ari\/"},{"@type":"ListItem","position":2,"name":"Usluge"}]},{"@type":"WebSite","@id":"https:\/\/moj-otok.com\/wp\/ari\/#website","url":"https:\/\/moj-otok.com\/wp\/ari\/","name":"Narodna knji\u017enica Sutivan - Sutivan Public Library","description":"Ulaskom u knji\u017enicu postajete dioni\u010dar &quot;dru\u0161tva znanja&quot; i ba\u0161tinik povijesne ljubavi za pisanom rije\u010di.","potentialAction":[{"@type":"SearchAction","target":{"@type":"EntryPoint","urlTemplate":"https:\/\/moj-otok.com\/wp\/ari\/?s={search_term_string}"},"query-input":{"@type":"PropertyValueSpecification","valueRequired":true,"valueName":"search_term_string"}}],"inLanguage":"hr"}]}},"_links":{"self":[{"href":"https:\/\/moj-otok.com\/wp\/ari\/wp-json\/wp\/v2\/pages\/668","targetHints":{"allow":["GET"]}}],"collection":[{"href":"https:\/\/moj-otok.com\/wp\/ari\/wp-json\/wp\/v2\/pages"}],"about":[{"href":"https:\/\/moj-otok.com\/wp\/ari\/wp-json\/wp\/v2\/types\/page"}],"author":[{"embeddable":true,"href":"https:\/\/moj-otok.com\/wp\/ari\/wp-json\/wp\/v2\/users\/1"}],"replies":[{"embeddable":true,"href":"https:\/\/moj-otok.com\/wp\/ari\/wp-json\/wp\/v2\/comments?post=668"}],"version-history":[{"count":6,"href":"https:\/\/moj-otok.com\/wp\/ari\/wp-json\/wp\/v2\/pages\/668\/revisions"}],"predecessor-version":[{"id":3671,"href":"https:\/\/moj-otok.com\/wp\/ari\/wp-json\/wp\/v2\/pages\/668\/revisions\/3671"}],"wp:attachment":[{"href":"https:\/\/moj-otok.com\/wp\/ari\/wp-json\/wp\/v2\/media?parent=668"}],"curies":[{"name":"wp","href":"https:\/\/api.w.org\/{rel}","templated":true}]}}